{"id":617,"date":"2025-05-29T21:59:35","date_gmt":"2025-05-29T21:59:35","guid":{"rendered":"https:\/\/studyseguro.com\/producto\/asesoria-estudios-y-salud-seguro\/"},"modified":"2025-07-25T21:30:33","modified_gmt":"2025-07-25T21:30:33","slug":"asesoria-estudios-y-salud-seguro","status":"publish","type":"product","link":"https:\/\/studyseguro.com\/en\/producto\/asesoria-estudios-y-salud-seguro\/","title":{"rendered":"Asesor\u00eda Estudios y Salud Seguro"},"content":{"rendered":"","protected":false},"excerpt":{"rendered":"<p>Asesor\u00eda para visados y seguros m\u00e9dicos de estudiantes.<\/p>\n","protected":false},"featured_media":394,"comment_status":"open","ping_status":"closed","template":"","meta":{"_acf_changed":false,"iawp_total_views":2},"marca":[55,49],"product_brand":[],"product_cat":[],"product_tag":[],"class_list":{"0":"post-617","1":"product","2":"type-product","3":"status-publish","4":"has-post-thumbnail","6":"marca-asesoriatop","7":"marca-studyseguro","9":"first","10":"instock","11":"sale","12":"shipping-taxable","13":"purchasable","14":"product-type-simple"},"acf":[],"yoast_head":"<!-- This site is optimized with the Yoast SEO plugin v27.4 - https:\/\/yoast.com\/product\/yoast-seo-wordpress\/ -->\n<title>Asesor\u00eda Estudios y Salud Seguro - StudySeguro<\/title>\n<meta name=\"description\" content=\"Descubre la mejor asesor\u00eda para visados y seguros m\u00e9dicos estudiantiles. Aprovecha nuestra oferta a solo 252,00 \u20ac. Env\u00edo gratis y 100 d\u00edas de devoluci\u00f3n.\" \/>\n<meta name=\"robots\" content=\"index, follow, max-snippet:-1, max-image-preview:large, max-video-preview:-1\" \/>\n<link rel=\"canonical\" href=\"https:\/\/studyseguro.com\/en\/producto\/asesoria-estudios-y-salud-seguro\/\" \/>\n<meta property=\"og:locale\" content=\"en_US\" \/>\n<meta property=\"og:type\" content=\"article\" \/>\n<meta property=\"og:title\" content=\"Asesor\u00eda Estudios y Salud Seguro - StudySeguro\" \/>\n<meta property=\"og:description\" content=\"Descubre la mejor asesor\u00eda para visados y seguros m\u00e9dicos estudiantiles. Aprovecha nuestra oferta a solo 252,00 \u20ac. Env\u00edo gratis y 100 d\u00edas de devoluci\u00f3n.\" \/>\n<meta property=\"og:url\" content=\"https:\/\/studyseguro.com\/en\/producto\/asesoria-estudios-y-salud-seguro\/\" \/>\n<meta property=\"og:site_name\" content=\"StudySeguro\" \/>\n<meta property=\"article:modified_time\" content=\"2025-07-25T21:30:33+00:00\" \/>\n<meta property=\"og:image\" content=\"https:\/\/studyseguro.com\/wp-content\/uploads\/2025\/05\/Leonardo_Vision_XL_Una_imagen_elegante_que_refleje_un_ambiente_0.jpg\" \/>\n\t<meta property=\"og:image:width\" content=\"1792\" \/>\n\t<meta property=\"og:image:height\" content=\"1456\" \/>\n\t<meta property=\"og:image:type\" content=\"image\/jpeg\" \/>\n<meta name=\"twitter:card\" content=\"summary_large_image\" \/>\n<!-- \/ Yoast SEO plugin. -->","yoast_head_json":{"title":"Asesor\u00eda Estudios y Salud Seguro - StudySeguro","description":"Descubre la mejor asesor\u00eda para visados y seguros m\u00e9dicos estudiantiles. Aprovecha nuestra oferta a solo 252,00 \u20ac. Env\u00edo gratis y 100 d\u00edas de devoluci\u00f3n.","robots":{"index":"index","follow":"follow","max-snippet":"max-snippet:-1","max-image-preview":"max-image-preview:large","max-video-preview":"max-video-preview:-1"},"canonical":"https:\/\/studyseguro.com\/en\/producto\/asesoria-estudios-y-salud-seguro\/","og_locale":"en_US","og_type":"article","og_title":"Asesor\u00eda Estudios y Salud Seguro - StudySeguro","og_description":"Descubre la mejor asesor\u00eda para visados y seguros m\u00e9dicos estudiantiles. Aprovecha nuestra oferta a solo 252,00 \u20ac. Env\u00edo gratis y 100 d\u00edas de devoluci\u00f3n.","og_url":"https:\/\/studyseguro.com\/en\/producto\/asesoria-estudios-y-salud-seguro\/","og_site_name":"StudySeguro","article_modified_time":"2025-07-25T21:30:33+00:00","og_image":[{"width":1792,"height":1456,"url":"https:\/\/studyseguro.com\/wp-content\/uploads\/2025\/05\/Leonardo_Vision_XL_Una_imagen_elegante_que_refleje_un_ambiente_0.jpg","type":"image\/jpeg"}],"twitter_card":"summary_large_image","schema":{"@context":"https:\/\/schema.org","@graph":[{"@type":"WebPage","@id":"https:\/\/studyseguro.com\/en\/producto\/asesoria-estudios-y-salud-seguro\/","url":"https:\/\/studyseguro.com\/en\/producto\/asesoria-estudios-y-salud-seguro\/","name":"Asesor\u00eda Estudios y Salud Seguro - StudySeguro","isPartOf":{"@id":"https:\/\/studyseguro.com\/en\/#website"},"primaryImageOfPage":{"@id":"https:\/\/studyseguro.com\/en\/producto\/asesoria-estudios-y-salud-seguro\/#primaryimage"},"image":{"@id":"https:\/\/studyseguro.com\/en\/producto\/asesoria-estudios-y-salud-seguro\/#primaryimage"},"thumbnailUrl":"https:\/\/studyseguro.com\/wp-content\/uploads\/2025\/05\/Leonardo_Vision_XL_Una_imagen_elegante_que_refleje_un_ambiente_0.jpg","datePublished":"2025-05-29T21:59:35+00:00","dateModified":"2025-07-25T21:30:33+00:00","description":"Descubre la mejor asesor\u00eda para visados y seguros m\u00e9dicos estudiantiles. Aprovecha nuestra oferta a solo 252,00 \u20ac. Env\u00edo gratis y 100 d\u00edas de devoluci\u00f3n.","breadcrumb":{"@id":"https:\/\/studyseguro.com\/en\/producto\/asesoria-estudios-y-salud-seguro\/#breadcrumb"},"inLanguage":"en-US","potentialAction":[{"@type":"ReadAction","target":["https:\/\/studyseguro.com\/en\/producto\/asesoria-estudios-y-salud-seguro\/"]}]},{"@type":"ImageObject","inLanguage":"en-US","@id":"https:\/\/studyseguro.com\/en\/producto\/asesoria-estudios-y-salud-seguro\/#primaryimage","url":"https:\/\/studyseguro.com\/wp-content\/uploads\/2025\/05\/Leonardo_Vision_XL_Una_imagen_elegante_que_refleje_un_ambiente_0.jpg","contentUrl":"https:\/\/studyseguro.com\/wp-content\/uploads\/2025\/05\/Leonardo_Vision_XL_Una_imagen_elegante_que_refleje_un_ambiente_0.jpg","width":1792,"height":1456},{"@type":"BreadcrumbList","@id":"https:\/\/studyseguro.com\/en\/producto\/asesoria-estudios-y-salud-seguro\/#breadcrumb","itemListElement":[{"@type":"ListItem","position":1,"name":"Portada","item":"https:\/\/studyseguro.com\/en\/home\/"},{"@type":"ListItem","position":2,"name":"Tienda","item":"https:\/\/studyseguro.com\/en\/tienda\/"},{"@type":"ListItem","position":3,"name":"Asesor\u00eda Estudios y Salud Seguro"}]},{"@type":"WebSite","@id":"https:\/\/studyseguro.com\/en\/#website","url":"https:\/\/studyseguro.com\/en\/","name":"StudySeguro","description":"","publisher":{"@id":"https:\/\/studyseguro.com\/en\/#organization"},"potentialAction":[{"@type":"SearchAction","target":{"@type":"EntryPoint","urlTemplate":"https:\/\/studyseguro.com\/en\/?s={search_term_string}"},"query-input":{"@type":"PropertyValueSpecification","valueRequired":true,"valueName":"search_term_string"}}],"inLanguage":"en-US"},{"@type":"Organization","@id":"https:\/\/studyseguro.com\/en\/#organization","name":"StudySeguro","url":"https:\/\/studyseguro.com\/en\/","logo":{"@type":"ImageObject","inLanguage":"en-US","@id":"https:\/\/studyseguro.com\/en\/#\/schema\/logo\/image\/","url":"https:\/\/studyseguro.com\/wp-content\/uploads\/2025\/05\/Leonardo_Phoenix_09_Diseo_de_logotipo_elegante_para_StudySegur_0-e1751311311372.jpg","contentUrl":"https:\/\/studyseguro.com\/wp-content\/uploads\/2025\/05\/Leonardo_Phoenix_09_Diseo_de_logotipo_elegante_para_StudySegur_0-e1751311311372.jpg","width":768,"height":768,"caption":"StudySeguro"},"image":{"@id":"https:\/\/studyseguro.com\/en\/#\/schema\/logo\/image\/"}}]}},"_links":{"self":[{"href":"https:\/\/studyseguro.com\/en\/wp-json\/wp\/v2\/product\/617","targetHints":{"allow":["GET"]}}],"collection":[{"href":"https:\/\/studyseguro.com\/en\/wp-json\/wp\/v2\/product"}],"about":[{"href":"https:\/\/studyseguro.com\/en\/wp-json\/wp\/v2\/types\/product"}],"replies":[{"embeddable":true,"href":"https:\/\/studyseguro.com\/en\/wp-json\/wp\/v2\/comments?post=617"}],"wp:featuredmedia":[{"embeddable":true,"href":"https:\/\/studyseguro.com\/en\/wp-json\/wp\/v2\/media\/394"}],"wp:attachment":[{"href":"https:\/\/studyseguro.com\/en\/wp-json\/wp\/v2\/media?parent=617"}],"wp:term":[{"taxonomy":"marca","embeddable":true,"href":"https:\/\/studyseguro.com\/en\/wp-json\/wp\/v2\/marca?post=617"},{"taxonomy":"product_brand","embeddable":true,"href":"https:\/\/studyseguro.com\/en\/wp-json\/wp\/v2\/product_brand?post=617"},{"taxonomy":"product_cat","embeddable":true,"href":"https:\/\/studyseguro.com\/en\/wp-json\/wp\/v2\/product_cat?post=617"},{"taxonomy":"product_tag","embeddable":true,"href":"https:\/\/studyseguro.com\/en\/wp-json\/wp\/v2\/product_tag?post=617"}],"curies":[{"name":"wp","href":"https:\/\/api.w.org\/{rel}","templated":true}]}}